{"id":3503,"date":"2014-06-06T15:59:44","date_gmt":"2014-06-06T15:59:44","guid":{"rendered":"http:\/\/www.trotajueves.es\/blog\/?page_id=3503"},"modified":"2014-06-06T19:39:25","modified_gmt":"2014-06-06T19:39:25","slug":"no-concurso-el-trotajueves-libreria","status":"publish","type":"page","link":"https:\/\/www.trotajueves.es\/blog\/trotajueves-almas-de-libro\/no-concurso-el-trotajueves-libreria","title":{"rendered":"NO CONCURSO en El trotajueves"},"content":{"rendered":"<h3 style=\"text-align: center;\"><em><strong>NO CONCURSO: \u00abPeriferia de pan, aceite y sal\u00bb<\/strong><\/em><\/h3>\n<p>La librer\u00eda EL TROTAJUEVES, despu\u00e9s de pasar el \u00abberrinche\u00bb y habiendo recibido las obras de cuatro poetas <em><strong>que no se amilanaron por lo escaso del premio o por su poca difusi\u00f3n\u00a0<\/strong><\/em>(dos en plazo de admisi\u00f3n y dos fuera de \u00e9l), \u00a0hemos decidido que el deber literario nos obliga.<\/p>\n<p>As\u00ed que a continuaci\u00f3n difundimos esos poemas para reconocer un esfuerzo que se merece un tiempo de reposo, una lectura, \u00a0su difusi\u00f3n aunque sea reducida.<\/p>\n<p style=\"text-align: center;\"><img decoding=\"async\" class=\"aligncenter  wp-image-3498\" alt=\"poema\" src=\"https:\/\/www.trotajueves.es\/blog\/wp-content\/uploads\/2014\/06\/poema.jpg\" width=\"472\" height=\"667\" srcset=\"https:\/\/www.trotajueves.es\/blog\/wp-content\/uploads\/2014\/06\/poema.jpg 787w, https:\/\/www.trotajueves.es\/blog\/wp-content\/uploads\/2014\/06\/poema-106x150.jpg 106w, https:\/\/www.trotajueves.es\/blog\/wp-content\/uploads\/2014\/06\/poema-212x300.jpg 212w, https:\/\/www.trotajueves.es\/blog\/wp-content\/uploads\/2014\/06\/poema-768x1085.jpg 768w, https:\/\/www.trotajueves.es\/blog\/wp-content\/uploads\/2014\/06\/poema-725x1024.jpg 725w\" sizes=\"(max-width: 472px) 100vw, 472px\" \/><\/p>\n<h1>La fotograf\u00eda<\/h1>\n<h1>Trinidad<\/h1>\n<p>Como un voyeur<\/p>\n<p>me aproximo a tu imagen<\/p>\n<p>y puedo distinguir<\/p>\n<p>una sonrisa mal acomodada<\/p>\n<p>en tu rostro de vidrio.<\/p>\n<p>Me detengo en los ojos<\/p>\n<p>y percibo el aliento mortal de la hero\u00edna<\/p>\n<p>bajo unos p\u00e1rpados de acero,<\/p>\n<p>en tu pelo la ausencia<\/p>\n<p>del viento fresco de la libertad.<\/p>\n<p>&nbsp;<\/p>\n<p>Con esc\u00e1ndalo miro,<\/p>\n<p>sobre un lecho de grietas,<\/p>\n<p>la saliva de un cliente satisfecho<\/p>\n<p>y una bala de semen<\/p>\n<p>en tu cuello desnudo.<\/p>\n<p>Taladrada en los brazos la memoria<\/p>\n<p>y en tu sexo el olvido.<\/p>\n<p>&nbsp;<\/p>\n<p>No eres m\u00e1s que una foto en blanco y negro.<\/p>\n<p>&nbsp;<\/p>\n<p>O quiz\u00e1 no<\/p>\n<p>y tu cuerpo apagado<\/p>\n<p>sostenga una fatiga de suburbio,<\/p>\n<p>una vida real que se derrama<\/p>\n<p>sobre los p\u00edxeles del caos.<\/p>\n<p>Anibal Garc\u00eda Rodr\u00edguez<\/p>\n<p align=\"center\"><b>INTENTO ETERNO DE LA VIDA<\/b><\/p>\n<p align=\"center\"><b>La dulce sensaci\u00f3n de permanecer a piel los sentidos pasados de una felicidad convocada al tiempo de los d\u00edas presentes, un momento distinguido \u00fanico sintiendo la fuerza del esp\u00edritu atreve la voluntad de una vida con entereza.<\/b><\/p>\n<p align=\"center\"><b>El paisaje pesa en su belleza m\u00e1s all\u00e1 de donde los caminos pueden llegar, arboladas sacudidas breves al bagaje de las brisas que recorrieron la distancia, deshabitadas tierras aguardando la com\u00fan raz\u00f3n de encontrarse en el respeto de la misma esencia, la espera se demora eterna y los tiempos apuran precisos en el ajuste que ser\u00e1 medido a fuerzas salvajes.<\/b><\/p>\n<p align=\"center\"><b>Gruesos eslabones convocan de pie el fuerte lazo de las poderosas monta\u00f1as, las rugosas asperezas de rasgadas rocas imponen la rudeza de los milenarios calendarios agotados en la fresca presencia de montes secos en espinas marchitando frutos al descuido del hombre. Sensaciones permeables en las l\u00e1grimas derramadas vanas al furor de una civilizaci\u00f3n que todo lo atreve descuidando la paz del cielo. Con heridas castigadas a manos del azote que no reconoce el presente de un futuro en las oscuras ruinas de la voluntad humana que maldice la necesidad pronta de la vida.<\/b><\/p>\n<p align=\"center\"><b>Se perfuma el aire descansado al horizonte de humeantes ciudades, se encuentra alg\u00fan bosque distanciado de progreso mal intencionado. La oportunidad de continuar el camino lo desata el bruto brazo que alcanza equilibrio, razones cubiertas en el entendimiento de las mentiras acosan permanente cada hoja de la frondosidad, cada gota que derrama la tormenta, cada animal que lucha constante su libertad, cada ma\u00f1ana si el aliento del sol quemar\u00e1 o doblegar\u00e1 en renuncia su abrigo de esperanzas. La decisi\u00f3n de continuar apartados de la pureza de la vida pende al coraz\u00f3n de cada alma en la humanidad, resistir es esperar el duro rev\u00e9s con el que no perdonar\u00e1 el brazo armado en potente pu\u00f1o de la naturaleza que sin perd\u00f3n ni piedad balancear\u00e1 existencia aprobando el intento eterno de la vida.<\/b><\/p>\n<p align=\"center\"><b>\u00a0<\/b><b>Gustavo Pieve<\/b><\/p>\n<p align=\"center\"><b>Villa Allende, C\u00f3rdoba, Argentina.<\/b><\/p>\n<p>Y POR \u00daLTIMO TENDREIS QUE IR VOSOTROS A SU BLOG A LEERLO.<\/p>\n<p>Se trata de LIBERTO o DAvid&#8230; o ambos<\/p>\n<p><a href=\"http:\/\/unaabubillaenlabahia.blogspot.com.es\/2014\/05\/clamor-campesino.html\" target=\"_blank\">http:\/\/unaabubillaenlabahia.<wbr \/>blogspot.com.es\/2014\/05\/<wbr \/>clamor-campesino.html<\/a><\/p>\n<p>Gracias por \u00a0<span style=\"text-decoration: underline;\"><strong><em>\u00abHACER<\/em> POES\u00cdA\u00bb<\/strong><\/span><strong> ,\u00a0<\/strong>en MAY\u00daSCULAS, y sin necesidad subir a escenario o tribuna de jam, tertulia o cerTamen de moda. GRACIAS.<\/p>\n<p>La Librer\u00eda El Trotajueves se compromete a enviar unos obsequios, por su cooperaci\u00f3n.<\/p>\n<p>En nombre de la librer\u00eda EL TROTAJUEVES : Gracias por confiar en nosotros.<\/p>\n","protected":false},"excerpt":{"rendered":"<p>NO CONCURSO: \u00abPeriferia de pan, aceite y sal\u00bb La librer\u00eda EL TROTAJUEVES, despu\u00e9s de pasar el \u00abberrinche\u00bb y habiendo recibido las obras de cuatro poetas que no se amilanaron por lo escaso del premio&#46;&#46;&#46;<\/p>\n","protected":false},"author":1,"featured_media":3219,"parent":3510,"menu_order":2,"comment_status":"open","ping_status":"open","template":"template-sidebar-page.php","meta":{"footnotes":""},"class_list":["post-3503","page","type-page","status-publish","has-post-thumbnail","hentry"],"_links":{"self":[{"href":"https:\/\/www.trotajueves.es\/blog\/wp-json\/wp\/v2\/pages\/3503","targetHints":{"allow":["GET"]}}],"collection":[{"href":"https:\/\/www.trotajueves.es\/blog\/wp-json\/wp\/v2\/pages"}],"about":[{"href":"https:\/\/www.trotajueves.es\/blog\/wp-json\/wp\/v2\/types\/page"}],"author":[{"embeddable":true,"href":"https:\/\/www.trotajueves.es\/blog\/wp-json\/wp\/v2\/users\/1"}],"replies":[{"embeddable":true,"href":"https:\/\/www.trotajueves.es\/blog\/wp-json\/wp\/v2\/comments?post=3503"}],"version-history":[{"count":0,"href":"https:\/\/www.trotajueves.es\/blog\/wp-json\/wp\/v2\/pages\/3503\/revisions"}],"up":[{"embeddable":true,"href":"https:\/\/www.trotajueves.es\/blog\/wp-json\/wp\/v2\/pages\/3510"}],"wp:featuredmedia":[{"embeddable":true,"href":"https:\/\/www.trotajueves.es\/blog\/wp-json\/wp\/v2\/media\/3219"}],"wp:attachment":[{"href":"https:\/\/www.trotajueves.es\/blog\/wp-json\/wp\/v2\/media?parent=3503"}],"curies":[{"name":"wp","href":"https:\/\/api.w.org\/{rel}","templated":true}]}}